{"id":51,"date":"2019-02-04T11:06:48","date_gmt":"2019-02-04T11:06:48","guid":{"rendered":"http:\/\/blog.simetriaplanosdesaude.com.br\/?page_id=51"},"modified":"2021-07-08T16:16:47","modified_gmt":"2021-07-08T19:16:47","slug":"sobre-simetria-planos-de-saude","status":"publish","type":"page","link":"https:\/\/www.simetriaplanosdesaude.com.br\/blog\/sobre-simetria-planos-de-saude\/","title":{"rendered":"Sobre \u00e0 Simetria Planos de Sa\u00fade"},"content":{"rendered":"<div id=\"lipsum\">\n<p>A <a href=\"https:\/\/www.simetriaplanosdesaude.com.br\/\" target=\"_blank\" rel=\"noopener\">Simetria Planos de Sa\u00fade<\/a> \u00e9 uma empresa da maior plataforma de vendas de Minas Gerais, o <a href=\"https:\/\/www.gruposimetriabrasil.com.br\/\" target=\"_blank\" rel=\"noopener\">Grupo Simetria Brasil<\/a> .<\/p>\n<\/div>\n<div id=\"lipsum\">\n<p>A empresa \u00e9 formada por profissionais experientes, qualificados e treinados e, atualmente, tem uma carteira de mais de 200 mil clientes. Os colaboradores atuam lado a lado com nossos clientes desde a venda, at\u00e9 o recebimento das carteirinhas e continuidade do pagamento.<\/p>\n<p>A Simetria nasceu com o objetivo de se tornar a maior plataforma de vendas multimarcas. Gra\u00e7as \u00e0 credibilidade conquistada junto aos clientes e parceiros de neg\u00f3cios, a empresa cresceu e tornou-se refer\u00eancia no mercado de planos de sa\u00fade.<\/p>\n<p>Hoje atua nacionalmente com as principais operadoras, seguradoras e administradoras de benef\u00edcios do mercado. Al\u00e9m do escrit\u00f3rio central no cora\u00e7\u00e3o de Belo Horizonte, a Simetria atua em toda Minas Gerais, por meio dos nossos escrit\u00f3rios parceiros.<\/p>\n<p>Os parceiros atendem aos mais altos padr\u00f5es de qualidade e passam por treinamentos constantes, para acompanhar as frequentes atualiza\u00e7\u00f5es do mercado. Grandes redes do varejo, condom\u00ednios, shoppings e todos os demais estabelecimentos comerciais, sejam eles de pequeno, m\u00e9dio ou grande porte, podem contar com os servi\u00e7os da Simetria.<\/p>\n<h3>Miss\u00e3o<\/h3>\n<p>A nossa MISS\u00c3O \u00e9 ser a melhor corretora de Minas Gerais em qualidade e efici\u00eancia atrav\u00e9s de relacionamentos transparentes e foco total nas equipes e nos parceiros<\/p>\n<h3>Vis\u00e3o<\/h3>\n<p>A nossa VIS\u00c3O \u00e9 ser uma empresa refer\u00eancia em parceria, inova\u00e7\u00e3o e lideran\u00e7a, oferecendo qualidade de relacionamento, com crescimento cont\u00ednuo e sustent\u00e1vel.<\/p>\n<h3>Valores<\/h3>\n<p>Os nossos VALORES s\u00e3o transpar\u00eancia, honestidade, sinceridade, efici\u00eancia, qualidade, assertividade, amor ao que fazemos. \u201cSe me fosse poss\u00edvel escreveria a palavra SEGUROS no umbral de cada porta e na fronte de cada homem. T\u00e3o convencido estou de que o seguro pode mediante o desembolso de m\u00f3dica quantia livrar fam\u00edlias de cat\u00e1strofes irrepar\u00e1veis\u201d. &#8211; Winston Churchill<\/p>\n<\/div>\n","protected":false},"excerpt":{"rendered":"<p>A Simetria Planos de Sa\u00fade \u00e9 uma empresa da maior plataforma de vendas de Minas Gerais, o Grupo Simetria Brasil . A empresa \u00e9 formada por profissionais experientes, qualificados e treinados e, atualmente, tem uma carteira de mais de 200 mil clientes. Os colaboradores atuam lado a lado com nossos clientes desde a venda, at\u00e9 [&hellip;]<\/p>\n","protected":false},"author":1,"featured_media":0,"parent":0,"menu_order":0,"comment_status":"closed","ping_status":"closed","template":"","meta":{"footnotes":""},"_links":{"self":[{"href":"https:\/\/www.simetriaplanosdesaude.com.br\/blog\/wp-json\/wp\/v2\/pages\/51"}],"collection":[{"href":"https:\/\/www.simetriaplanosdesaude.com.br\/blog\/wp-json\/wp\/v2\/pages"}],"about":[{"href":"https:\/\/www.simetriaplanosdesaude.com.br\/blog\/wp-json\/wp\/v2\/types\/page"}],"author":[{"embeddable":true,"href":"https:\/\/www.simetriaplanosdesaude.com.br\/blog\/wp-json\/wp\/v2\/users\/1"}],"replies":[{"embeddable":true,"href":"https:\/\/www.simetriaplanosdesaude.com.br\/blog\/wp-json\/wp\/v2\/comments?post=51"}],"version-history":[{"count":9,"href":"https:\/\/www.simetriaplanosdesaude.com.br\/blog\/wp-json\/wp\/v2\/pages\/51\/revisions"}],"predecessor-version":[{"id":1755,"href":"https:\/\/www.simetriaplanosdesaude.com.br\/blog\/wp-json\/wp\/v2\/pages\/51\/revisions\/1755"}],"wp:attachment":[{"href":"https:\/\/www.simetriaplanosdesaude.com.br\/blog\/wp-json\/wp\/v2\/media?parent=51"}],"curies":[{"name":"wp","href":"https:\/\/api.w.org\/{rel}","templated":true}]}}